{"id":440,"date":"2022-02-24T16:29:47","date_gmt":"2022-02-24T16:29:47","guid":{"rendered":"https:\/\/www.calavidala.com\/?page_id=440"},"modified":"2023-04-13T12:53:12","modified_gmt":"2023-04-13T12:53:12","slug":"aviso-legal","status":"publish","type":"page","link":"https:\/\/www.calavidala.com\/es\/aviso-legal\/","title":{"rendered":"Aviso Legal"},"content":{"rendered":"\n<h2 class=\"wp-block-heading has-medium-font-size\" id=\"datos-fiscales\">Datos fiscales<\/h2>\n\n\n\n<ul>\n<li>Titular: Laura Mestres Huguet<\/li>\n\n\n\n<li>NIF: 38443293N<\/li>\n\n\n\n<li>Direcci\u00f3n: Xipreret 81-83, L\u2019Hospitalet de Llobregat 08901 \u2014 Barcelona<\/li>\n\n\n\n<li>Tel\u00e9fono: 932 612 789<\/li>\n<\/ul>\n\n\n\n<h2 class=\"wp-block-heading has-medium-font-size\" id=\"proteccion-de-datos-personales\">Protecci\u00f3n de datos personales<\/h2>\n\n\n\n<p>Los datos de car\u00e1cter personal que se recogen a trav\u00e9s de la p\u00e1gina web, son \u00fanicamente utilizados a efectos de prestar los servicios solicitados as\u00ed como proceder a la facturaci\u00f3n de los mismos. Sus datos ser\u00e1n ubicados en ficheros titularidad de Laura Mestres Huguet a efectos de facturaci\u00f3n y ser\u00e1n archivados por el periodo de tiempo legalmente necesario. Usted podr\u00e1 ejercer los derechos de acceso, rectificaci\u00f3n, cancelaci\u00f3n y oposici\u00f3n por escrito a Laura Mestres Huguet en Xipreret 81-83, L\u2019Hospitalet de Llobregat 08901 \u2014 Barcelona.<\/p>\n\n\n\n<h2 class=\"wp-block-heading has-medium-font-size\" id=\"propiedad-intelectual-y-responsabilidad-sobre-los-contenidos\">Propiedad intelectual y responsabilidad sobre los contenidos<\/h2>\n\n\n\n<p>Queda prohibido cualquier uso de todos los contenidos de la p\u00e1gina web, concretamente sobre los textos, dise\u00f1o y c\u00f3digo fuente, sin la autorizaci\u00f3n expresa de sus titulares. Cualquier uso no permitido ser\u00e1 debidamente perseguido por los leg\u00edtimos propietarios.<\/p>\n\n\n\n<p>El titular de la p\u00e1gina web no se hace responsable de los contenidos a los que se dirigen los enlaces ubicados en \u00e9sta, seg\u00fan lo que establece el art\u00edculo 17 de la LSSICE.<\/p>\n","protected":false},"excerpt":{"rendered":"<p>Datos fiscales Protecci\u00f3n de datos personales Los datos de car\u00e1cter personal que se recogen a trav\u00e9s de la p\u00e1gina web, son \u00fanicamente utilizados a efectos de prestar los servicios solicitados as\u00ed como proceder a la ...<\/p>\n","protected":false},"author":2,"featured_media":0,"parent":0,"menu_order":0,"comment_status":"closed","ping_status":"closed","template":"","meta":{"_acf_changed":false,"footnotes":""},"acf":[],"_links":{"self":[{"href":"https:\/\/www.calavidala.com\/es\/wp-json\/wp\/v2\/pages\/440"}],"collection":[{"href":"https:\/\/www.calavidala.com\/es\/wp-json\/wp\/v2\/pages"}],"about":[{"href":"https:\/\/www.calavidala.com\/es\/wp-json\/wp\/v2\/types\/page"}],"author":[{"embeddable":true,"href":"https:\/\/www.calavidala.com\/es\/wp-json\/wp\/v2\/users\/2"}],"replies":[{"embeddable":true,"href":"https:\/\/www.calavidala.com\/es\/wp-json\/wp\/v2\/comments?post=440"}],"version-history":[{"count":1,"href":"https:\/\/www.calavidala.com\/es\/wp-json\/wp\/v2\/pages\/440\/revisions"}],"predecessor-version":[{"id":441,"href":"https:\/\/www.calavidala.com\/es\/wp-json\/wp\/v2\/pages\/440\/revisions\/441"}],"wp:attachment":[{"href":"https:\/\/www.calavidala.com\/es\/wp-json\/wp\/v2\/media?parent=440"}],"curies":[{"name":"wp","href":"https:\/\/api.w.org\/{rel}","templated":true}]}}